{"id":8597,"date":"2022-07-29T10:51:57","date_gmt":"2022-07-29T08:51:57","guid":{"rendered":"https:\/\/www.europoliuretani.com\/politica-per-la-qualita\/"},"modified":"2025-11-25T02:09:54","modified_gmt":"2025-11-25T01:09:54","slug":"politica-per-la-qualita","status":"publish","type":"page","link":"https:\/\/www.europoliuretani.com\/es\/politica-per-la-qualita\/","title":{"rendered":"Pol\u00ectica de calidad y medio ambiente"},"content":{"rendered":"\t\t<div data-elementor-type=\"wp-page\" data-elementor-id=\"8597\" class=\"elementor elementor-8597 elementor-8578\" data-elementor-post-type=\"page\">\n\t\t\t\t\t\t<section class=\"elementor-section elementor-top-section elementor-element elementor-element-41495bf elementor-section-boxed elementor-section-height-default elementor-section-height-default\" data-id=\"41495bf\" data-element_type=\"section\" data-e-type=\"section\">\n\t\t\t\t\t\t<div class=\"elementor-container elementor-column-gap-default\">\n\t\t\t\t\t<div class=\"elementor-column elementor-col-100 elementor-top-column elementor-element elementor-element-d2fa225\" data-id=\"d2fa225\" data-element_type=\"column\" data-e-type=\"column\">\n\t\t\t<div class=\"elementor-widget-wrap elementor-element-populated\">\n\t\t\t\t\t\t<div class=\"elementor-element elementor-element-f8c2cad elementor-widget elementor-widget-heading\" data-id=\"f8c2cad\" data-element_type=\"widget\" data-e-type=\"widget\" data-widget_type=\"heading.default\">\n\t\t\t\t<div class=\"elementor-widget-container\">\n\t\t\t\t\t<h1 class=\"elementor-heading-title elementor-size-default\">Pol\u00ectica de calidad y medio ambiente<\/h1>\t\t\t\t<\/div>\n\t\t\t\t<\/div>\n\t\t\t\t\t<\/div>\n\t\t<\/div>\n\t\t\t\t\t<\/div>\n\t\t<\/section>\n\t\t\t\t<section class=\"elementor-section elementor-top-section elementor-element elementor-element-f7f6fc6 elementor-section-boxed elementor-section-height-default elementor-section-height-default\" data-id=\"f7f6fc6\" data-element_type=\"section\" data-e-type=\"section\">\n\t\t\t\t\t\t<div class=\"elementor-container elementor-column-gap-default\">\n\t\t\t\t\t<div class=\"elementor-column elementor-col-100 elementor-top-column elementor-element elementor-element-ac3128f\" data-id=\"ac3128f\" data-element_type=\"column\" data-e-type=\"column\">\n\t\t\t<div class=\"elementor-widget-wrap elementor-element-populated\">\n\t\t\t\t\t\t<div class=\"elementor-element elementor-element-16e8220 elementor-widget elementor-widget-text-editor\" data-id=\"16e8220\" data-element_type=\"widget\" data-e-type=\"widget\" data-widget_type=\"text-editor.default\">\n\t\t\t\t<div class=\"elementor-widget-container\">\n\t\t\t\t\t\t\t\t\t<p>EUROPOLIURETANI dise\u00f1a, desarrolla y fabrica:<\/p><ul><li>Sistemas de poliuretano r\u00cdgido, flexibles y integrales<\/li><li>Pegamentos de poliuretano<\/li><li>Juntas de poliuretano<\/li><li>Equipo de espuma para inyecci\u00f3n de poliuretano<\/li><li>Dispensador para pegamentos de poliuretano de uno y dos componentes<\/li><li>Sistema Gasket con robot cartesiano o antropom\u00f3rfico<\/li><\/ul>\t\t\t\t\t\t\t\t<\/div>\n\t\t\t\t<\/div>\n\t\t\t\t<div class=\"elementor-element elementor-element-3c9e243 elementor-widget elementor-widget-text-editor\" data-id=\"3c9e243\" data-element_type=\"widget\" data-e-type=\"widget\" data-widget_type=\"text-editor.default\">\n\t\t\t\t<div class=\"elementor-widget-container\">\n\t\t\t\t\t\t\t\t\t<p>Los principales objetivos de <strong>EUROPOLIURETANI<\/strong> son la identificaci\u00f3n y satisfacci\u00f3n completa y constante de las necesidades del cliente para mantener una reputaci\u00f3n primaria en t\u00e9rminos de de Calidad de sus productos y servicios, que el control de los aspectos e impactos ambientales derivados y relativos a las propias actividades directas e indirectas.<\/p><p> <\/p><p>Este objetivos se persigue mediante:<\/p><ul><li>\u2022 Evaluaci\u00f3n peri\u00f3dica de los factores de Contexto en el que opera la empresa, as\u00ed como de las Partes Interesadas y de sus necesidades\/expectativas, que puedan afectar a la capacidad de <strong>EUROPOLIURETANI<\/strong> de satisfacer a sus clientes, cumplir las leyes y reglamentos vigentes y lograr m\u00e1rgenes adecuados.<\/li><li>Evaluaci\u00f3n peri\u00f3dica de los procesos comerciales, resaltando y documentando las posibles Amenazas a prevenir y\/u Oportunidades a desarrollar, con la definici\u00f3n de Planes de Mejora claros y documentados, monitoreando su aplicaci\u00f3n y su eficacia.<\/li><li>Definici\u00f3n y supervisi\u00f3n de Indicadores \/ Objetivos relativos a los varios procesos de la empresa<\/li><li>Control peri\u00f3dico del nivel de Satisfacci\u00f3n de los Clientes<\/li><li>La registraci\u00f3n, la gesti\u00f3n y el control constantes de cualquier No Conformidad, incluidas las Quejas de los Clientes, con especial atenci\u00f3n a la evaluaci\u00f3n de los costes resultantes y a la identificaci\u00f3n de las CAUSAS y las consiguientes Acciones Correctivas encaminadas a la Mejora Continua de las actividades \/ procesos y productos \/ servicios de la empresa<\/li><li>Desarrollo, certificaci\u00f3n y mantenimiento del Sistema de Calidad de la Empresa conforme a la norma ISO 9001<\/li><li>Desarrollo, certificaci\u00f3n y mantenimiento de un Sistema Medioambiental de la Empresa conforme a la norma ISO 14001, con compromiso y pleno cumplimento de la legislaci\u00f3n vigente, tanto in situ como en sus propios procesos<\/li><li>Dise\u00f1o de las infraestructuras de la empresa, las instalaciones y el proceso de producci\u00f3n de la nueva sede, orientado a optimizar la sostenibilidad en t\u00e9rminos de consumo energ\u00edas renovables<\/li><li>Compromiso en la protecci\u00f3n del medio ambiente y la prevenci\u00f3n de fuentes de contaminaci\u00f3n<\/li><li>Compromiso continuo con la mejora de los procesos de rendimiento Medioambiental y de Calidad<\/li><\/ul>\t\t\t\t\t\t\t\t<\/div>\n\t\t\t\t<\/div>\n\t\t\t\t<div class=\"elementor-element elementor-element-e53f921 elementor-widget elementor-widget-text-editor\" data-id=\"e53f921\" data-element_type=\"widget\" data-e-type=\"widget\" data-widget_type=\"text-editor.default\">\n\t\t\t\t<div class=\"elementor-widget-container\">\n\t\t\t\t\t\t\t\t\t<p>Para conseguir estos objetivos <strong>EUROPOLIURETANI<\/strong> promueve y desarrolla las siguientes actividades:<\/p><ul><li>Implicaci\u00f3n de todos los Colaboradores en la Mejora Continua de la Calidad de los productos \/ servicios y actividades \/ procesos comerciales<\/li><li>Planificaci\u00f3n y realizaci\u00f3n de Auditor\u00edas Internas para evaluar y controlar la aplicaci\u00f3n y eficacia del Sistema de Calidad y Medio Ambiente<\/li><li>Planificaci\u00f3n y realizaci\u00f3n de revisiones peri\u00f3dicas de Examen de la Gesti\u00f3n<\/li><li>Evaluaci\u00f3n de la necesidad de nuevos recursos t\u00e9cnicos y humanos<\/li><\/ul><p> <\/p><p>La colaboraci\u00f3n de todo el equipo de <strong>EUROPOLIURETANI<\/strong> en el respeto de los requisitos del Sistema de Calidad y Medio Ambiente es fundamental para hacer alcanzables los objetivos mencionados y poder seguir siendo competitivos en el mercado, garantizando innovaci\u00f3n, calidad, fiabilidad, precio.<\/p><p> <\/p><p>Los objetivos generales indicados en este documento est\u00e1n relacionados de forma m\u00e1s anal\u00edtica con los diversos procesos y actividades de la empresa, cuantificados y controlados por la Direcci\u00f3n a trav\u00e9s de la verificaci\u00f3n y actualizaci\u00f3n peri\u00f3dica del documento \u201cOBJETIVOS y INDICADORES de CALIDAD y MEDIO AMBIENTE\u201d.<strong>                                                              <\/strong><\/p>\t\t\t\t\t\t\t\t<\/div>\n\t\t\t\t<\/div>\n\t\t\t\t<div class=\"elementor-element elementor-element-4f46160 elementor-widget elementor-widget-heading\" data-id=\"4f46160\" data-element_type=\"widget\" data-e-type=\"widget\" data-widget_type=\"heading.default\">\n\t\t\t\t<div class=\"elementor-widget-container\">\n\t\t\t\t\t<h4 class=\"elementor-heading-title elementor-size-default\">Descargue el certificado haciendo clic en la siguiente imagen<\/h4>\t\t\t\t<\/div>\n\t\t\t\t<\/div>\n\t\t\t\t<div class=\"elementor-element elementor-element-75226fd elementor-widget elementor-widget-image\" data-id=\"75226fd\" data-element_type=\"widget\" data-e-type=\"widget\" data-widget_type=\"image.default\">\n\t\t\t\t<div class=\"elementor-widget-container\">\n\t\t\t\t\t\t\t\t\t\t\t\t\t\t\t\t<a href=\"https:\/\/www.europoliuretani.com\/wp-content\/uploads\/2024\/03\/Certificato-n.40987-21-S_ISO9001_Europoliuretani_Scad_01.03.2027.pdf\">\n\t\t\t\t\t\t\t<img fetchpriority=\"high\" decoding=\"async\" width=\"768\" height=\"101\" src=\"https:\/\/www.europoliuretani.com\/wp-content\/uploads\/2024\/02\/Banner-ISOo-02-1-768x101.jpg\" class=\"attachment-medium_large size-medium_large wp-image-9734\" alt=\"\" srcset=\"https:\/\/www.europoliuretani.com\/wp-content\/uploads\/2024\/02\/Banner-ISOo-02-1-768x101.jpg 768w, https:\/\/www.europoliuretani.com\/wp-content\/uploads\/2024\/02\/Banner-ISOo-02-1-300x39.jpg 300w, https:\/\/www.europoliuretani.com\/wp-content\/uploads\/2024\/02\/Banner-ISOo-02-1-1024x134.jpg 1024w, https:\/\/www.europoliuretani.com\/wp-content\/uploads\/2024\/02\/Banner-ISOo-02-1-1536x201.jpg 1536w, https:\/\/www.europoliuretani.com\/wp-content\/uploads\/2024\/02\/Banner-ISOo-02-1-80x10.jpg 80w, https:\/\/www.europoliuretani.com\/wp-content\/uploads\/2024\/02\/Banner-ISOo-02-1-360x47.jpg 360w, https:\/\/www.europoliuretani.com\/wp-content\/uploads\/2024\/02\/Banner-ISOo-02-1-373x49.jpg 373w, https:\/\/www.europoliuretani.com\/wp-content\/uploads\/2024\/02\/Banner-ISOo-02-1-620x81.jpg 620w, https:\/\/www.europoliuretani.com\/wp-content\/uploads\/2024\/02\/Banner-ISOo-02-1-460x60.jpg 460w, https:\/\/www.europoliuretani.com\/wp-content\/uploads\/2024\/02\/Banner-ISOo-02-1-365x48.jpg 365w, https:\/\/www.europoliuretani.com\/wp-content\/uploads\/2024\/02\/Banner-ISOo-02-1.jpg 1709w\" sizes=\"(max-width: 768px) 100vw, 768px\" \/>\t\t\t\t\t\t\t\t<\/a>\n\t\t\t\t\t\t\t\t\t\t\t\t\t\t\t<\/div>\n\t\t\t\t<\/div>\n\t\t\t\t<div class=\"elementor-element elementor-element-73e19c5 elementor-widget elementor-widget-image\" data-id=\"73e19c5\" data-element_type=\"widget\" data-e-type=\"widget\" data-widget_type=\"image.default\">\n\t\t\t\t<div class=\"elementor-widget-container\">\n\t\t\t\t\t\t\t\t\t\t\t\t\t\t\t\t<a href=\"https:\/\/www.europoliuretani.com\/wp-content\/uploads\/2024\/07\/certificate-signed-4-2.pdf\">\n\t\t\t\t\t\t\t<img decoding=\"async\" width=\"768\" height=\"102\" src=\"https:\/\/www.europoliuretani.com\/wp-content\/uploads\/2024\/02\/Banner-ISOo-03-1-768x102.jpg\" class=\"attachment-medium_large size-medium_large wp-image-9742\" alt=\"\" srcset=\"https:\/\/www.europoliuretani.com\/wp-content\/uploads\/2024\/02\/Banner-ISOo-03-1-768x102.jpg 768w, https:\/\/www.europoliuretani.com\/wp-content\/uploads\/2024\/02\/Banner-ISOo-03-1-300x40.jpg 300w, https:\/\/www.europoliuretani.com\/wp-content\/uploads\/2024\/02\/Banner-ISOo-03-1-1024x135.jpg 1024w, https:\/\/www.europoliuretani.com\/wp-content\/uploads\/2024\/02\/Banner-ISOo-03-1-1536x203.jpg 1536w, https:\/\/www.europoliuretani.com\/wp-content\/uploads\/2024\/02\/Banner-ISOo-03-1-80x11.jpg 80w, https:\/\/www.europoliuretani.com\/wp-content\/uploads\/2024\/02\/Banner-ISOo-03-1-360x48.jpg 360w, https:\/\/www.europoliuretani.com\/wp-content\/uploads\/2024\/02\/Banner-ISOo-03-1-373x49.jpg 373w, https:\/\/www.europoliuretani.com\/wp-content\/uploads\/2024\/02\/Banner-ISOo-03-1-620x82.jpg 620w, https:\/\/www.europoliuretani.com\/wp-content\/uploads\/2024\/02\/Banner-ISOo-03-1-460x61.jpg 460w, https:\/\/www.europoliuretani.com\/wp-content\/uploads\/2024\/02\/Banner-ISOo-03-1-365x48.jpg 365w, https:\/\/www.europoliuretani.com\/wp-content\/uploads\/2024\/02\/Banner-ISOo-03-1.jpg 1709w\" sizes=\"(max-width: 768px) 100vw, 768px\" \/>\t\t\t\t\t\t\t\t<\/a>\n\t\t\t\t\t\t\t\t\t\t\t\t\t\t\t<\/div>\n\t\t\t\t<\/div>\n\t\t\t\t\t<\/div>\n\t\t<\/div>\n\t\t\t\t\t<\/div>\n\t\t<\/section>\n\t\t\t\t<\/div>\n\t\t","protected":false},"excerpt":{"rendered":"<p class=\"tx-excerpt\">Pol\u00ectica de calidad y medio ambiente EUROPOLIURETANI dise\u00f1a, desarrolla y fabrica: Sistemas de poliuretano r\u00cdgido, flexibles y integrales Pegamentos de poliuretano Juntas de poliuretano Equipo de espuma para inyecci\u00f3n de poliuretano Dispensador para pegamentos de...<\/p>","protected":false},"author":1,"featured_media":0,"parent":0,"menu_order":0,"comment_status":"closed","ping_status":"closed","template":"templates\/full-width.php","meta":{"footnotes":""},"class_list":["post-8597","page","type-page","status-publish","hentry"],"yoast_head":"<!-- This site is optimized with the Yoast SEO Premium plugin v27.4 (Yoast SEO v27.4) - https:\/\/yoast.com\/product\/yoast-seo-premium-wordpress\/ -->\n<title>Pol\u00ectica de calidad y medio ambiente - Europoliuretani<\/title>\n<meta name=\"robots\" content=\"index, follow, max-snippet:-1, max-image-preview:large, max-video-preview:-1\" \/>\n<link rel=\"canonical\" href=\"https:\/\/www.europoliuretani.com\/es\/politica-per-la-qualita\/\" \/>\n<meta property=\"og:locale\" content=\"es_ES\" \/>\n<meta property=\"og:type\" content=\"article\" \/>\n<meta property=\"og:title\" content=\"Pol\u00ectica de calidad y medio ambiente\" \/>\n<meta property=\"og:description\" content=\"Pol\u00ectica de calidad y medio ambiente EUROPOLIURETANI dise\u00f1a, desarrolla y fabrica: Sistemas de poliuretano r\u00cdgido, flexibles y integrales Pegamentos de poliuretano Juntas de poliuretano Equipo de espuma para inyecci\u00f3n de poliuretano Dispensador para pegamentos de poliuretano de uno y dos componentes Sistema Gasket con robot cartesiano o antropom\u00f3rfico Los principales objetivos de EUROPOLIURETANI son la [&hellip;]\" \/>\n<meta property=\"og:url\" content=\"https:\/\/www.europoliuretani.com\/es\/politica-per-la-qualita\/\" \/>\n<meta property=\"og:site_name\" content=\"Europoliuretani\" \/>\n<meta property=\"article:publisher\" content=\"https:\/\/www.facebook.com\/europoliuretani\/\" \/>\n<meta property=\"article:modified_time\" content=\"2025-11-25T01:09:54+00:00\" \/>\n<meta property=\"og:image\" content=\"https:\/\/www.europoliuretani.com\/wp-content\/uploads\/2024\/02\/Banner-ISOo-02-1.webp\" \/>\n\t<meta property=\"og:image:width\" content=\"1709\" \/>\n\t<meta property=\"og:image:height\" content=\"224\" \/>\n\t<meta property=\"og:image:type\" content=\"image\/webp\" \/>\n<meta name=\"twitter:card\" content=\"summary_large_image\" \/>\n<meta name=\"twitter:site\" content=\"@europoliuretani\" \/>\n<meta name=\"twitter:label1\" content=\"Tiempo de lectura\" \/>\n\t<meta name=\"twitter:data1\" content=\"3 minutos\" \/>\n<script type=\"application\/ld+json\" class=\"yoast-schema-graph\">{\"@context\":\"https:\\\/\\\/schema.org\",\"@graph\":[{\"@type\":\"WebPage\",\"@id\":\"https:\\\/\\\/www.europoliuretani.com\\\/es\\\/politica-per-la-qualita\\\/\",\"url\":\"https:\\\/\\\/www.europoliuretani.com\\\/es\\\/politica-per-la-qualita\\\/\",\"name\":\"Pol\u00ectica de calidad y medio ambiente - Europoliuretani\",\"isPartOf\":{\"@id\":\"https:\\\/\\\/www.europoliuretani.com\\\/es\\\/#website\"},\"primaryImageOfPage\":{\"@id\":\"https:\\\/\\\/www.europoliuretani.com\\\/es\\\/politica-per-la-qualita\\\/#primaryimage\"},\"image\":{\"@id\":\"https:\\\/\\\/www.europoliuretani.com\\\/es\\\/politica-per-la-qualita\\\/#primaryimage\"},\"thumbnailUrl\":\"https:\\\/\\\/www.europoliuretani.com\\\/wp-content\\\/uploads\\\/2024\\\/02\\\/Banner-ISOo-02-1-768x101.webp\",\"datePublished\":\"2022-07-29T08:51:57+00:00\",\"dateModified\":\"2025-11-25T01:09:54+00:00\",\"breadcrumb\":{\"@id\":\"https:\\\/\\\/www.europoliuretani.com\\\/es\\\/politica-per-la-qualita\\\/#breadcrumb\"},\"inLanguage\":\"es\",\"potentialAction\":[{\"@type\":\"ReadAction\",\"target\":[\"https:\\\/\\\/www.europoliuretani.com\\\/es\\\/politica-per-la-qualita\\\/\"]}]},{\"@type\":\"ImageObject\",\"inLanguage\":\"es\",\"@id\":\"https:\\\/\\\/www.europoliuretani.com\\\/es\\\/politica-per-la-qualita\\\/#primaryimage\",\"url\":\"https:\\\/\\\/www.europoliuretani.com\\\/wp-content\\\/uploads\\\/2024\\\/02\\\/Banner-ISOo-02-1-768x101.webp\",\"contentUrl\":\"https:\\\/\\\/www.europoliuretani.com\\\/wp-content\\\/uploads\\\/2024\\\/02\\\/Banner-ISOo-02-1-768x101.webp\"},{\"@type\":\"BreadcrumbList\",\"@id\":\"https:\\\/\\\/www.europoliuretani.com\\\/es\\\/politica-per-la-qualita\\\/#breadcrumb\",\"itemListElement\":[{\"@type\":\"ListItem\",\"position\":1,\"name\":\"Home\",\"item\":\"https:\\\/\\\/www.europoliuretani.com\\\/es\\\/\"},{\"@type\":\"ListItem\",\"position\":2,\"name\":\"Pol\u00ectica de calidad y medio ambiente\"}]},{\"@type\":\"WebSite\",\"@id\":\"https:\\\/\\\/www.europoliuretani.com\\\/es\\\/#website\",\"url\":\"https:\\\/\\\/www.europoliuretani.com\\\/es\\\/\",\"name\":\"Europoliuretani\",\"description\":\"Macchine Schiumatrici Ad Alta E Bassa Pressione\",\"publisher\":{\"@id\":\"https:\\\/\\\/www.europoliuretani.com\\\/es\\\/#organization\"},\"potentialAction\":[{\"@type\":\"SearchAction\",\"target\":{\"@type\":\"EntryPoint\",\"urlTemplate\":\"https:\\\/\\\/www.europoliuretani.com\\\/es\\\/?s={search_term_string}\"},\"query-input\":{\"@type\":\"PropertyValueSpecification\",\"valueRequired\":true,\"valueName\":\"search_term_string\"}}],\"inLanguage\":\"es\"},{\"@type\":\"Organization\",\"@id\":\"https:\\\/\\\/www.europoliuretani.com\\\/es\\\/#organization\",\"name\":\"Europoliuretani srl\",\"url\":\"https:\\\/\\\/www.europoliuretani.com\\\/es\\\/\",\"logo\":{\"@type\":\"ImageObject\",\"inLanguage\":\"es\",\"@id\":\"https:\\\/\\\/www.europoliuretani.com\\\/es\\\/#\\\/schema\\\/logo\\\/image\\\/\",\"url\":\"https:\\\/\\\/www.europoliuretani.com\\\/wp-content\\\/uploads\\\/2022\\\/07\\\/molecola_Tavola-disegno-1.webp\",\"contentUrl\":\"https:\\\/\\\/www.europoliuretani.com\\\/wp-content\\\/uploads\\\/2022\\\/07\\\/molecola_Tavola-disegno-1.webp\",\"width\":500,\"height\":778,\"caption\":\"Europoliuretani srl\"},\"image\":{\"@id\":\"https:\\\/\\\/www.europoliuretani.com\\\/es\\\/#\\\/schema\\\/logo\\\/image\\\/\"},\"sameAs\":[\"https:\\\/\\\/www.facebook.com\\\/europoliuretani\\\/\",\"https:\\\/\\\/x.com\\\/europoliuretani\"]}]}<\/script>\n<!-- \/ Yoast SEO Premium plugin. -->","yoast_head_json":{"title":"Pol\u00ectica de calidad y medio ambiente - Europoliuretani","robots":{"index":"index","follow":"follow","max-snippet":"max-snippet:-1","max-image-preview":"max-image-preview:large","max-video-preview":"max-video-preview:-1"},"canonical":"https:\/\/www.europoliuretani.com\/es\/politica-per-la-qualita\/","og_locale":"es_ES","og_type":"article","og_title":"Pol\u00ectica de calidad y medio ambiente","og_description":"Pol\u00ectica de calidad y medio ambiente EUROPOLIURETANI dise\u00f1a, desarrolla y fabrica: Sistemas de poliuretano r\u00cdgido, flexibles y integrales Pegamentos de poliuretano Juntas de poliuretano Equipo de espuma para inyecci\u00f3n de poliuretano Dispensador para pegamentos de poliuretano de uno y dos componentes Sistema Gasket con robot cartesiano o antropom\u00f3rfico Los principales objetivos de EUROPOLIURETANI son la [&hellip;]","og_url":"https:\/\/www.europoliuretani.com\/es\/politica-per-la-qualita\/","og_site_name":"Europoliuretani","article_publisher":"https:\/\/www.facebook.com\/europoliuretani\/","article_modified_time":"2025-11-25T01:09:54+00:00","og_image":[{"width":1709,"height":224,"url":"https:\/\/www.europoliuretani.com\/wp-content\/uploads\/2024\/02\/Banner-ISOo-02-1.webp","type":"image\/webp"}],"twitter_card":"summary_large_image","twitter_site":"@europoliuretani","twitter_misc":{"Tiempo de lectura":"3 minutos"},"schema":{"@context":"https:\/\/schema.org","@graph":[{"@type":"WebPage","@id":"https:\/\/www.europoliuretani.com\/es\/politica-per-la-qualita\/","url":"https:\/\/www.europoliuretani.com\/es\/politica-per-la-qualita\/","name":"Pol\u00ectica de calidad y medio ambiente - Europoliuretani","isPartOf":{"@id":"https:\/\/www.europoliuretani.com\/es\/#website"},"primaryImageOfPage":{"@id":"https:\/\/www.europoliuretani.com\/es\/politica-per-la-qualita\/#primaryimage"},"image":{"@id":"https:\/\/www.europoliuretani.com\/es\/politica-per-la-qualita\/#primaryimage"},"thumbnailUrl":"https:\/\/www.europoliuretani.com\/wp-content\/uploads\/2024\/02\/Banner-ISOo-02-1-768x101.webp","datePublished":"2022-07-29T08:51:57+00:00","dateModified":"2025-11-25T01:09:54+00:00","breadcrumb":{"@id":"https:\/\/www.europoliuretani.com\/es\/politica-per-la-qualita\/#breadcrumb"},"inLanguage":"es","potentialAction":[{"@type":"ReadAction","target":["https:\/\/www.europoliuretani.com\/es\/politica-per-la-qualita\/"]}]},{"@type":"ImageObject","inLanguage":"es","@id":"https:\/\/www.europoliuretani.com\/es\/politica-per-la-qualita\/#primaryimage","url":"https:\/\/www.europoliuretani.com\/wp-content\/uploads\/2024\/02\/Banner-ISOo-02-1-768x101.webp","contentUrl":"https:\/\/www.europoliuretani.com\/wp-content\/uploads\/2024\/02\/Banner-ISOo-02-1-768x101.webp"},{"@type":"BreadcrumbList","@id":"https:\/\/www.europoliuretani.com\/es\/politica-per-la-qualita\/#breadcrumb","itemListElement":[{"@type":"ListItem","position":1,"name":"Home","item":"https:\/\/www.europoliuretani.com\/es\/"},{"@type":"ListItem","position":2,"name":"Pol\u00ectica de calidad y medio ambiente"}]},{"@type":"WebSite","@id":"https:\/\/www.europoliuretani.com\/es\/#website","url":"https:\/\/www.europoliuretani.com\/es\/","name":"Europoliuretani","description":"Macchine Schiumatrici Ad Alta E Bassa Pressione","publisher":{"@id":"https:\/\/www.europoliuretani.com\/es\/#organization"},"potentialAction":[{"@type":"SearchAction","target":{"@type":"EntryPoint","urlTemplate":"https:\/\/www.europoliuretani.com\/es\/?s={search_term_string}"},"query-input":{"@type":"PropertyValueSpecification","valueRequired":true,"valueName":"search_term_string"}}],"inLanguage":"es"},{"@type":"Organization","@id":"https:\/\/www.europoliuretani.com\/es\/#organization","name":"Europoliuretani srl","url":"https:\/\/www.europoliuretani.com\/es\/","logo":{"@type":"ImageObject","inLanguage":"es","@id":"https:\/\/www.europoliuretani.com\/es\/#\/schema\/logo\/image\/","url":"https:\/\/www.europoliuretani.com\/wp-content\/uploads\/2022\/07\/molecola_Tavola-disegno-1.webp","contentUrl":"https:\/\/www.europoliuretani.com\/wp-content\/uploads\/2022\/07\/molecola_Tavola-disegno-1.webp","width":500,"height":778,"caption":"Europoliuretani srl"},"image":{"@id":"https:\/\/www.europoliuretani.com\/es\/#\/schema\/logo\/image\/"},"sameAs":["https:\/\/www.facebook.com\/europoliuretani\/","https:\/\/x.com\/europoliuretani"]}]}},"_links":{"self":[{"href":"https:\/\/www.europoliuretani.com\/es\/wp-json\/wp\/v2\/pages\/8597","targetHints":{"allow":["GET"]}}],"collection":[{"href":"https:\/\/www.europoliuretani.com\/es\/wp-json\/wp\/v2\/pages"}],"about":[{"href":"https:\/\/www.europoliuretani.com\/es\/wp-json\/wp\/v2\/types\/page"}],"author":[{"embeddable":true,"href":"https:\/\/www.europoliuretani.com\/es\/wp-json\/wp\/v2\/users\/1"}],"replies":[{"embeddable":true,"href":"https:\/\/www.europoliuretani.com\/es\/wp-json\/wp\/v2\/comments?post=8597"}],"version-history":[{"count":6,"href":"https:\/\/www.europoliuretani.com\/es\/wp-json\/wp\/v2\/pages\/8597\/revisions"}],"predecessor-version":[{"id":12457,"href":"https:\/\/www.europoliuretani.com\/es\/wp-json\/wp\/v2\/pages\/8597\/revisions\/12457"}],"wp:attachment":[{"href":"https:\/\/www.europoliuretani.com\/es\/wp-json\/wp\/v2\/media?parent=8597"}],"curies":[{"name":"wp","href":"https:\/\/api.w.org\/{rel}","templated":true}]}}