{"id":7443,"date":"2022-04-07T16:23:07","date_gmt":"2022-04-07T14:23:07","guid":{"rendered":"http:\/\/europoliuretani.fabiogardini.it\/bando-1\/"},"modified":"2022-07-04T17:16:07","modified_gmt":"2022-07-04T15:16:07","slug":"bando-1","status":"publish","type":"page","link":"https:\/\/www.europoliuretani.com\/en\/bandi\/bando-1\/","title":{"rendered":"Bando 1"},"content":{"rendered":"\t\t<div data-elementor-type=\"wp-page\" data-elementor-id=\"7443\" class=\"elementor elementor-7443 elementor-3479\" data-elementor-post-type=\"page\">\n\t\t\t\t\t\t<section class=\"elementor-section elementor-top-section elementor-element elementor-element-ff6e0e7 elementor-section-boxed elementor-section-height-default elementor-section-height-default\" data-id=\"ff6e0e7\" data-element_type=\"section\" data-e-type=\"section\">\n\t\t\t\t\t\t<div class=\"elementor-container elementor-column-gap-default\">\n\t\t\t\t\t<div class=\"elementor-column elementor-col-100 elementor-top-column elementor-element elementor-element-8ec8640\" data-id=\"8ec8640\" data-element_type=\"column\" data-e-type=\"column\">\n\t\t\t<div class=\"elementor-widget-wrap elementor-element-populated\">\n\t\t\t\t\t\t<div class=\"elementor-element elementor-element-036cece elementor-widget elementor-widget-heading\" data-id=\"036cece\" data-element_type=\"widget\" data-e-type=\"widget\" data-widget_type=\"heading.default\">\n\t\t\t\t<div class=\"elementor-widget-container\">\n\t\t\t\t\t<h1 class=\"elementor-heading-title elementor-size-default\">Bandi<\/h1>\t\t\t\t<\/div>\n\t\t\t\t<\/div>\n\t\t\t\t\t<\/div>\n\t\t<\/div>\n\t\t\t\t\t<\/div>\n\t\t<\/section>\n\t\t\t\t<section class=\"elementor-section elementor-top-section elementor-element elementor-element-c787b06 elementor-section-boxed elementor-section-height-default elementor-section-height-default\" data-id=\"c787b06\" data-element_type=\"section\" data-e-type=\"section\">\n\t\t\t\t\t\t<div class=\"elementor-container elementor-column-gap-default\">\n\t\t\t\t\t<div class=\"elementor-column elementor-col-50 elementor-top-column elementor-element elementor-element-482d4af\" data-id=\"482d4af\" data-element_type=\"column\" data-e-type=\"column\">\n\t\t\t<div class=\"elementor-widget-wrap elementor-element-populated\">\n\t\t\t\t\t\t<div class=\"elementor-element elementor-element-6ec33ab elementor-widget elementor-widget-text-editor\" data-id=\"6ec33ab\" data-element_type=\"widget\" data-e-type=\"widget\" data-widget_type=\"text-editor.default\">\n\t\t\t\t<div class=\"elementor-widget-container\">\n\t\t\t\t\t\t\t\t\t<p style=\"text-align: justify;\">Fondo per lo Sviluppo e la Coesione, in continuit\u00e0 con il POR FSE 2014-2020 Regione Veneto &#8211; DG R 497 del 20\/04\/2021 Alleniamoci al futuro &#8211; Nuove competenze per il lavoro che cambia. Asse 1 &#8211; Occupabilit\u00e0<\/p>\t\t\t\t\t\t\t\t<\/div>\n\t\t\t\t<\/div>\n\t\t\t\t<div class=\"elementor-element elementor-element-0a9b568 elementor-widget elementor-widget-text-editor\" data-id=\"0a9b568\" data-element_type=\"widget\" data-e-type=\"widget\" data-widget_type=\"text-editor.default\">\n\t\t\t\t<div class=\"elementor-widget-container\">\n\t\t\t\t\t\t\t\t\t<p style=\"text-align: justify;\"><br><\/p><p style=\"text-align: justify;\">Progetto<br>cod. 7234-0001-497-2021<br>dal titolo:<\/p>\t\t\t\t\t\t\t\t<\/div>\n\t\t\t\t<\/div>\n\t\t\t\t\t<\/div>\n\t\t<\/div>\n\t\t\t\t<div class=\"elementor-column elementor-col-50 elementor-top-column elementor-element elementor-element-5292313\" data-id=\"5292313\" data-element_type=\"column\" data-e-type=\"column\">\n\t\t\t<div class=\"elementor-widget-wrap elementor-element-populated\">\n\t\t\t\t\t\t<div class=\"elementor-element elementor-element-cb359e2 elementor-widget elementor-widget-image\" data-id=\"cb359e2\" data-element_type=\"widget\" data-e-type=\"widget\" data-widget_type=\"image.default\">\n\t\t\t\t<div class=\"elementor-widget-container\">\n\t\t\t\t\t\t\t\t\t\t\t\t\t\t\t<img fetchpriority=\"high\" decoding=\"async\" width=\"800\" height=\"531\" src=\"https:\/\/www.europoliuretani.com\/wp-content\/uploads\/2022\/04\/bando.webp\" class=\"attachment-large size-large wp-image-3483\" alt=\"\" \/>\t\t\t\t\t\t\t\t\t\t\t\t\t\t\t<\/div>\n\t\t\t\t<\/div>\n\t\t\t\t\t<\/div>\n\t\t<\/div>\n\t\t\t\t\t<\/div>\n\t\t<\/section>\n\t\t\t\t<section class=\"elementor-section elementor-top-section elementor-element elementor-element-3de2801 elementor-section-boxed elementor-section-height-default elementor-section-height-default\" data-id=\"3de2801\" data-element_type=\"section\" data-e-type=\"section\">\n\t\t\t\t\t\t<div class=\"elementor-container elementor-column-gap-no\">\n\t\t\t\t\t<div class=\"elementor-column elementor-col-100 elementor-top-column elementor-element elementor-element-910ea5c\" data-id=\"910ea5c\" data-element_type=\"column\" data-e-type=\"column\">\n\t\t\t<div class=\"elementor-widget-wrap elementor-element-populated\">\n\t\t\t\t\t\t<div class=\"elementor-element elementor-element-1c31d71 elementor-widget elementor-widget-heading\" data-id=\"1c31d71\" data-element_type=\"widget\" data-e-type=\"widget\" data-widget_type=\"heading.default\">\n\t\t\t\t<div class=\"elementor-widget-container\">\n\t\t\t\t\t<h3 class=\"elementor-heading-title elementor-size-default\">L2 - Strategie digital e sostenibilit\u00e0: driver per il rilancio di Europoliuretani<\/h3>\t\t\t\t<\/div>\n\t\t\t\t<\/div>\n\t\t\t\t<div class=\"elementor-element elementor-element-dc7758a elementor-widget elementor-widget-text-editor\" data-id=\"dc7758a\" data-element_type=\"widget\" data-e-type=\"widget\" data-widget_type=\"text-editor.default\">\n\t\t\t\t<div class=\"elementor-widget-container\">\n\t\t\t\t\t\t\t\t\t<p style=\"text-align: justify;\">Finanziato con D DR n. 1123 del 6\/10\/2021 <br><br>Data di avvio: 11 novembre 2021 &#8211; Contributo concesso: 47.917,00 \u20ac<\/p>\t\t\t\t\t\t\t\t<\/div>\n\t\t\t\t<\/div>\n\t\t\t\t\t<\/div>\n\t\t<\/div>\n\t\t\t\t\t<\/div>\n\t\t<\/section>\n\t\t\t\t<section class=\"elementor-section elementor-top-section elementor-element elementor-element-7e1f111 elementor-section-boxed elementor-section-height-default elementor-section-height-default\" data-id=\"7e1f111\" data-element_type=\"section\" data-e-type=\"section\">\n\t\t\t\t\t\t<div class=\"elementor-container elementor-column-gap-no\">\n\t\t\t\t\t<div class=\"elementor-column elementor-col-100 elementor-top-column elementor-element elementor-element-a8f0f1f\" data-id=\"a8f0f1f\" data-element_type=\"column\" data-e-type=\"column\">\n\t\t\t<div class=\"elementor-widget-wrap elementor-element-populated\">\n\t\t\t\t\t\t<div class=\"elementor-element elementor-element-b6fd40c elementor-widget elementor-widget-heading\" data-id=\"b6fd40c\" data-element_type=\"widget\" data-e-type=\"widget\" data-widget_type=\"heading.default\">\n\t\t\t\t<div class=\"elementor-widget-container\">\n\t\t\t\t\t<h5 class=\"elementor-heading-title elementor-size-default\">Il progetto in sintesi<\/h5>\t\t\t\t<\/div>\n\t\t\t\t<\/div>\n\t\t\t\t<div class=\"elementor-element elementor-element-e94949e elementor-widget elementor-widget-text-editor\" data-id=\"e94949e\" data-element_type=\"widget\" data-e-type=\"widget\" data-widget_type=\"text-editor.default\">\n\t\t\t\t<div class=\"elementor-widget-container\">\n\t\t\t\t\t\t\t\t\t<p style=\"text-align: justify;\">Il progetto di Europoliuretani S.r.l. persegue l&#8217;obiettivo di fornire nuove competenze e conoscenze alle risorse aziendali per sostenere il rilancio e il miglioramento del posizionamento competitivo dell&#8217;impresa: in linea con gli obiettivi strategici della DGR 497\/2021 e della Strategia di Specializzazione intelligente della Regione del Veneto, i principali driver saranno la sostenibilit\u00e0 ambientale e la valorizzazione delle strategie digital per rafforzare l&#8217;identit\u00e0 e la riconoscibilit\u00e0 del brand sui mercati esteri.<\/p>\t\t\t\t\t\t\t\t<\/div>\n\t\t\t\t<\/div>\n\t\t\t\t\t<\/div>\n\t\t<\/div>\n\t\t\t\t\t<\/div>\n\t\t<\/section>\n\t\t\t\t<section class=\"elementor-section elementor-top-section elementor-element elementor-element-2075636 elementor-section-boxed elementor-section-height-default elementor-section-height-default\" data-id=\"2075636\" data-element_type=\"section\" data-e-type=\"section\">\n\t\t\t\t\t\t<div class=\"elementor-container elementor-column-gap-no\">\n\t\t\t\t\t<div class=\"elementor-column elementor-col-100 elementor-top-column elementor-element elementor-element-f51ba43\" data-id=\"f51ba43\" data-element_type=\"column\" data-e-type=\"column\">\n\t\t\t<div class=\"elementor-widget-wrap elementor-element-populated\">\n\t\t\t\t\t\t<div class=\"elementor-element elementor-element-ea6fba7 elementor-widget elementor-widget-heading\" data-id=\"ea6fba7\" data-element_type=\"widget\" data-e-type=\"widget\" data-widget_type=\"heading.default\">\n\t\t\t\t<div class=\"elementor-widget-container\">\n\t\t\t\t\t<h5 class=\"elementor-heading-title elementor-size-default\">Il progetto in numeri<\/h5>\t\t\t\t<\/div>\n\t\t\t\t<\/div>\n\t\t\t\t<div class=\"elementor-element elementor-element-1b31d60 elementor-widget elementor-widget-text-editor\" data-id=\"1b31d60\" data-element_type=\"widget\" data-e-type=\"widget\" data-widget_type=\"text-editor.default\">\n\t\t\t\t<div class=\"elementor-widget-container\">\n\t\t\t\t\t\t\t\t\t<p style=\"text-align: justify;\">Il progetto, avviato l&#8217;11 novembre 2021, prevede il coinvolgimento di tutte le risorse umane di Europoliuretani in un percorso di formazione e consulenza che interesser\u00e0 18 partecipanti e che avr\u00e0 una durata di n. 294 ore che si svolgeranno nell&#8217;arco di un anno.<br>Il progetto ha ottenuto un finanziamento di \u20ac 47.917,00 a valere sul Fondo per lo Sviluppo e la Coesione, in continuit\u00e0 con il POR FSE Regione Veneto 2014-2020.<\/p>\t\t\t\t\t\t\t\t<\/div>\n\t\t\t\t<\/div>\n\t\t\t\t\t<\/div>\n\t\t<\/div>\n\t\t\t\t\t<\/div>\n\t\t<\/section>\n\t\t\t\t<section class=\"elementor-section elementor-top-section elementor-element elementor-element-60f2348 elementor-section-boxed elementor-section-height-default elementor-section-height-default\" data-id=\"60f2348\" data-element_type=\"section\" data-e-type=\"section\">\n\t\t\t\t\t\t<div class=\"elementor-container elementor-column-gap-no\">\n\t\t\t\t\t<div class=\"elementor-column elementor-col-100 elementor-top-column elementor-element elementor-element-ac00224\" data-id=\"ac00224\" data-element_type=\"column\" data-e-type=\"column\">\n\t\t\t<div class=\"elementor-widget-wrap elementor-element-populated\">\n\t\t\t\t\t\t<div class=\"elementor-element elementor-element-6299875 elementor-widget elementor-widget-heading\" data-id=\"6299875\" data-element_type=\"widget\" data-e-type=\"widget\" data-widget_type=\"heading.default\">\n\t\t\t\t<div class=\"elementor-widget-container\">\n\t\t\t\t\t<h5 class=\"elementor-heading-title elementor-size-default\">Principali temi e contenuti formativi<\/h5>\t\t\t\t<\/div>\n\t\t\t\t<\/div>\n\t\t\t\t<div class=\"elementor-element elementor-element-70d4eb7 elementor-widget elementor-widget-text-editor\" data-id=\"70d4eb7\" data-element_type=\"widget\" data-e-type=\"widget\" data-widget_type=\"text-editor.default\">\n\t\t\t\t<div class=\"elementor-widget-container\">\n\t\t\t\t\t\t\t\t\t<p style=\"text-align: justify;\">Il progetto affronter\u00e0 le seguenti tematiche: Digital for export; I principali strumenti di digital marketing; realizzare un social media plan professionale; 3D for immersive online customer experiences; LCA e sistema di gestione ambientale; Diventare promotori di innovazione continua e cambiamento; Valutazione d&#8217;impatto e strategie per il futuro dell&#8217;organizzazione; Rilevazione di auto-efficacia.<br>Il progetto permetter\u00e0 inoltre alla Europoliuretani Srl di partecipare alla Fiera Hostelco di Barcellona, di analizzare le possibili traiettorie di sviluppo in un Piano di Adeguamento e Rilancio e di adottare le soluzioni di promozione\/diffusione dell&#8217;iniziativa pi\u00f9 adatte a creare un effetto moltiplicatore dei risultati ottenuti.<\/p>\t\t\t\t\t\t\t\t<\/div>\n\t\t\t\t<\/div>\n\t\t\t\t\t<\/div>\n\t\t<\/div>\n\t\t\t\t\t<\/div>\n\t\t<\/section>\n\t\t\t\t<section class=\"elementor-section elementor-top-section elementor-element elementor-element-ac71e5f elementor-section-boxed elementor-section-height-default elementor-section-height-default\" data-id=\"ac71e5f\" data-element_type=\"section\" data-e-type=\"section\">\n\t\t\t\t\t\t<div class=\"elementor-container elementor-column-gap-no\">\n\t\t\t\t\t<div class=\"elementor-column elementor-col-100 elementor-top-column elementor-element elementor-element-c0e8fd3\" data-id=\"c0e8fd3\" data-element_type=\"column\" data-e-type=\"column\">\n\t\t\t<div class=\"elementor-widget-wrap elementor-element-populated\">\n\t\t\t\t\t\t<div class=\"elementor-element elementor-element-1cc0725 elementor-widget elementor-widget-image\" data-id=\"1cc0725\" data-element_type=\"widget\" data-e-type=\"widget\" data-widget_type=\"image.default\">\n\t\t\t\t<div class=\"elementor-widget-container\">\n\t\t\t\t\t\t\t\t\t\t\t\t\t\t\t<img decoding=\"async\" width=\"1024\" height=\"137\" src=\"https:\/\/www.europoliuretani.com\/wp-content\/uploads\/2022\/04\/loghi_bando-1024x137.png\" class=\"attachment-large size-large wp-image-3491\" alt=\"\" srcset=\"https:\/\/www.europoliuretani.com\/wp-content\/uploads\/2022\/04\/loghi_bando-1024x137.png 1024w, https:\/\/www.europoliuretani.com\/wp-content\/uploads\/2022\/04\/loghi_bando-300x40.png 300w, https:\/\/www.europoliuretani.com\/wp-content\/uploads\/2022\/04\/loghi_bando-768x103.png 768w, https:\/\/www.europoliuretani.com\/wp-content\/uploads\/2022\/04\/loghi_bando-373x50.png 373w, https:\/\/www.europoliuretani.com\/wp-content\/uploads\/2022\/04\/loghi_bando-80x11.png 80w, https:\/\/www.europoliuretani.com\/wp-content\/uploads\/2022\/04\/loghi_bando-620x83.png 620w, https:\/\/www.europoliuretani.com\/wp-content\/uploads\/2022\/04\/loghi_bando-460x62.png 460w, https:\/\/www.europoliuretani.com\/wp-content\/uploads\/2022\/04\/loghi_bando-365x49.png 365w, https:\/\/www.europoliuretani.com\/wp-content\/uploads\/2022\/04\/loghi_bando.png 1290w\" sizes=\"(max-width: 1024px) 100vw, 1024px\" \/>\t\t\t\t\t\t\t\t\t\t\t\t\t\t\t<\/div>\n\t\t\t\t<\/div>\n\t\t\t\t\t<\/div>\n\t\t<\/div>\n\t\t\t\t\t<\/div>\n\t\t<\/section>\n\t\t\t\t<\/div>\n\t\t","protected":false},"excerpt":{"rendered":"<p class=\"tx-excerpt\">Bandi Fondo per lo Sviluppo e la Coesione, in continuit\u00e0 con il POR FSE 2014-2020 Regione Veneto &#8211; DG R 497 del 20\/04\/2021 Alleniamoci al futuro &#8211; Nuove competenze per il lavoro che cambia. Asse...<\/p>","protected":false},"author":1,"featured_media":0,"parent":7441,"menu_order":0,"comment_status":"closed","ping_status":"closed","template":"templates\/full-width.php","meta":{"footnotes":""},"class_list":["post-7443","page","type-page","status-publish","hentry"],"yoast_head":"<!-- This site is optimized with the Yoast SEO Premium plugin v27.4 (Yoast SEO v27.4) - https:\/\/yoast.com\/product\/yoast-seo-premium-wordpress\/ -->\n<title>Bando 1 - Europoliuretani<\/title>\n<meta name=\"robots\" content=\"index, follow, max-snippet:-1, max-image-preview:large, max-video-preview:-1\" \/>\n<link rel=\"canonical\" href=\"https:\/\/www.europoliuretani.com\/en\/bandi\/bando-1\/\" \/>\n<meta property=\"og:locale\" content=\"en_US\" \/>\n<meta property=\"og:type\" content=\"article\" \/>\n<meta property=\"og:title\" content=\"Bando 1\" \/>\n<meta property=\"og:description\" content=\"Bandi Fondo per lo Sviluppo e la Coesione, in continuit\u00e0 con il POR FSE 2014-2020 Regione Veneto &#8211; DG R 497 del 20\/04\/2021 Alleniamoci al futuro &#8211; Nuove competenze per il lavoro che cambia. Asse 1 &#8211; Occupabilit\u00e0 Progettocod. 7234-0001-497-2021dal titolo: L2 &#8211; Strategie digital e sostenibilit\u00e0: driver per il rilancio di Europoliuretani Finanziato con [&hellip;]\" \/>\n<meta property=\"og:url\" content=\"https:\/\/www.europoliuretani.com\/en\/bandi\/bando-1\/\" \/>\n<meta property=\"og:site_name\" content=\"Europoliuretani\" \/>\n<meta property=\"article:publisher\" content=\"https:\/\/www.facebook.com\/europoliuretani\/\" \/>\n<meta property=\"article:modified_time\" content=\"2022-07-04T15:16:07+00:00\" \/>\n<meta property=\"og:image\" content=\"https:\/\/europoliuretani.com\/wp-content\/uploads\/2022\/04\/bando.png\" \/>\n<meta name=\"twitter:card\" content=\"summary_large_image\" \/>\n<meta name=\"twitter:site\" content=\"@europoliuretani\" \/>\n<meta name=\"twitter:label1\" content=\"Est. reading time\" \/>\n\t<meta name=\"twitter:data1\" content=\"2 minutes\" \/>\n<script type=\"application\/ld+json\" class=\"yoast-schema-graph\">{\"@context\":\"https:\\\/\\\/schema.org\",\"@graph\":[{\"@type\":\"WebPage\",\"@id\":\"https:\\\/\\\/www.europoliuretani.com\\\/en\\\/bandi\\\/bando-1\\\/\",\"url\":\"https:\\\/\\\/www.europoliuretani.com\\\/en\\\/bandi\\\/bando-1\\\/\",\"name\":\"Bando 1 - Europoliuretani\",\"isPartOf\":{\"@id\":\"https:\\\/\\\/www.europoliuretani.com\\\/en\\\/#website\"},\"primaryImageOfPage\":{\"@id\":\"https:\\\/\\\/www.europoliuretani.com\\\/en\\\/bandi\\\/bando-1\\\/#primaryimage\"},\"image\":{\"@id\":\"https:\\\/\\\/www.europoliuretani.com\\\/en\\\/bandi\\\/bando-1\\\/#primaryimage\"},\"thumbnailUrl\":\"https:\\\/\\\/europoliuretani.com\\\/wp-content\\\/uploads\\\/2022\\\/04\\\/bando.png\",\"datePublished\":\"2022-04-07T14:23:07+00:00\",\"dateModified\":\"2022-07-04T15:16:07+00:00\",\"breadcrumb\":{\"@id\":\"https:\\\/\\\/www.europoliuretani.com\\\/en\\\/bandi\\\/bando-1\\\/#breadcrumb\"},\"inLanguage\":\"en-US\",\"potentialAction\":[{\"@type\":\"ReadAction\",\"target\":[\"https:\\\/\\\/www.europoliuretani.com\\\/en\\\/bandi\\\/bando-1\\\/\"]}]},{\"@type\":\"ImageObject\",\"inLanguage\":\"en-US\",\"@id\":\"https:\\\/\\\/www.europoliuretani.com\\\/en\\\/bandi\\\/bando-1\\\/#primaryimage\",\"url\":\"https:\\\/\\\/europoliuretani.com\\\/wp-content\\\/uploads\\\/2022\\\/04\\\/bando.png\",\"contentUrl\":\"https:\\\/\\\/europoliuretani.com\\\/wp-content\\\/uploads\\\/2022\\\/04\\\/bando.png\"},{\"@type\":\"BreadcrumbList\",\"@id\":\"https:\\\/\\\/www.europoliuretani.com\\\/en\\\/bandi\\\/bando-1\\\/#breadcrumb\",\"itemListElement\":[{\"@type\":\"ListItem\",\"position\":1,\"name\":\"Home\",\"item\":\"https:\\\/\\\/www.europoliuretani.com\\\/en\\\/\"},{\"@type\":\"ListItem\",\"position\":2,\"name\":\"Bandi\",\"item\":\"https:\\\/\\\/www.europoliuretani.com\\\/en\\\/bandi\\\/\"},{\"@type\":\"ListItem\",\"position\":3,\"name\":\"Bando 1\"}]},{\"@type\":\"WebSite\",\"@id\":\"https:\\\/\\\/www.europoliuretani.com\\\/en\\\/#website\",\"url\":\"https:\\\/\\\/www.europoliuretani.com\\\/en\\\/\",\"name\":\"Europoliuretani\",\"description\":\"Macchine Schiumatrici Ad Alta E Bassa Pressione\",\"publisher\":{\"@id\":\"https:\\\/\\\/www.europoliuretani.com\\\/en\\\/#organization\"},\"potentialAction\":[{\"@type\":\"SearchAction\",\"target\":{\"@type\":\"EntryPoint\",\"urlTemplate\":\"https:\\\/\\\/www.europoliuretani.com\\\/en\\\/?s={search_term_string}\"},\"query-input\":{\"@type\":\"PropertyValueSpecification\",\"valueRequired\":true,\"valueName\":\"search_term_string\"}}],\"inLanguage\":\"en-US\"},{\"@type\":\"Organization\",\"@id\":\"https:\\\/\\\/www.europoliuretani.com\\\/en\\\/#organization\",\"name\":\"Europoliuretani srl\",\"url\":\"https:\\\/\\\/www.europoliuretani.com\\\/en\\\/\",\"logo\":{\"@type\":\"ImageObject\",\"inLanguage\":\"en-US\",\"@id\":\"https:\\\/\\\/www.europoliuretani.com\\\/en\\\/#\\\/schema\\\/logo\\\/image\\\/\",\"url\":\"https:\\\/\\\/www.europoliuretani.com\\\/wp-content\\\/uploads\\\/2022\\\/07\\\/molecola_Tavola-disegno-1.webp\",\"contentUrl\":\"https:\\\/\\\/www.europoliuretani.com\\\/wp-content\\\/uploads\\\/2022\\\/07\\\/molecola_Tavola-disegno-1.webp\",\"width\":500,\"height\":778,\"caption\":\"Europoliuretani srl\"},\"image\":{\"@id\":\"https:\\\/\\\/www.europoliuretani.com\\\/en\\\/#\\\/schema\\\/logo\\\/image\\\/\"},\"sameAs\":[\"https:\\\/\\\/www.facebook.com\\\/europoliuretani\\\/\",\"https:\\\/\\\/x.com\\\/europoliuretani\"]}]}<\/script>\n<!-- \/ Yoast SEO Premium plugin. -->","yoast_head_json":{"title":"Bando 1 - Europoliuretani","robots":{"index":"index","follow":"follow","max-snippet":"max-snippet:-1","max-image-preview":"max-image-preview:large","max-video-preview":"max-video-preview:-1"},"canonical":"https:\/\/www.europoliuretani.com\/en\/bandi\/bando-1\/","og_locale":"en_US","og_type":"article","og_title":"Bando 1","og_description":"Bandi Fondo per lo Sviluppo e la Coesione, in continuit\u00e0 con il POR FSE 2014-2020 Regione Veneto &#8211; DG R 497 del 20\/04\/2021 Alleniamoci al futuro &#8211; Nuove competenze per il lavoro che cambia. Asse 1 &#8211; Occupabilit\u00e0 Progettocod. 7234-0001-497-2021dal titolo: L2 &#8211; Strategie digital e sostenibilit\u00e0: driver per il rilancio di Europoliuretani Finanziato con [&hellip;]","og_url":"https:\/\/www.europoliuretani.com\/en\/bandi\/bando-1\/","og_site_name":"Europoliuretani","article_publisher":"https:\/\/www.facebook.com\/europoliuretani\/","article_modified_time":"2022-07-04T15:16:07+00:00","og_image":[{"url":"https:\/\/europoliuretani.com\/wp-content\/uploads\/2022\/04\/bando.png","type":"","width":"","height":""}],"twitter_card":"summary_large_image","twitter_site":"@europoliuretani","twitter_misc":{"Est. reading time":"2 minutes"},"schema":{"@context":"https:\/\/schema.org","@graph":[{"@type":"WebPage","@id":"https:\/\/www.europoliuretani.com\/en\/bandi\/bando-1\/","url":"https:\/\/www.europoliuretani.com\/en\/bandi\/bando-1\/","name":"Bando 1 - Europoliuretani","isPartOf":{"@id":"https:\/\/www.europoliuretani.com\/en\/#website"},"primaryImageOfPage":{"@id":"https:\/\/www.europoliuretani.com\/en\/bandi\/bando-1\/#primaryimage"},"image":{"@id":"https:\/\/www.europoliuretani.com\/en\/bandi\/bando-1\/#primaryimage"},"thumbnailUrl":"https:\/\/europoliuretani.com\/wp-content\/uploads\/2022\/04\/bando.png","datePublished":"2022-04-07T14:23:07+00:00","dateModified":"2022-07-04T15:16:07+00:00","breadcrumb":{"@id":"https:\/\/www.europoliuretani.com\/en\/bandi\/bando-1\/#breadcrumb"},"inLanguage":"en-US","potentialAction":[{"@type":"ReadAction","target":["https:\/\/www.europoliuretani.com\/en\/bandi\/bando-1\/"]}]},{"@type":"ImageObject","inLanguage":"en-US","@id":"https:\/\/www.europoliuretani.com\/en\/bandi\/bando-1\/#primaryimage","url":"https:\/\/europoliuretani.com\/wp-content\/uploads\/2022\/04\/bando.png","contentUrl":"https:\/\/europoliuretani.com\/wp-content\/uploads\/2022\/04\/bando.png"},{"@type":"BreadcrumbList","@id":"https:\/\/www.europoliuretani.com\/en\/bandi\/bando-1\/#breadcrumb","itemListElement":[{"@type":"ListItem","position":1,"name":"Home","item":"https:\/\/www.europoliuretani.com\/en\/"},{"@type":"ListItem","position":2,"name":"Bandi","item":"https:\/\/www.europoliuretani.com\/en\/bandi\/"},{"@type":"ListItem","position":3,"name":"Bando 1"}]},{"@type":"WebSite","@id":"https:\/\/www.europoliuretani.com\/en\/#website","url":"https:\/\/www.europoliuretani.com\/en\/","name":"Europoliuretani","description":"Macchine Schiumatrici Ad Alta E Bassa Pressione","publisher":{"@id":"https:\/\/www.europoliuretani.com\/en\/#organization"},"potentialAction":[{"@type":"SearchAction","target":{"@type":"EntryPoint","urlTemplate":"https:\/\/www.europoliuretani.com\/en\/?s={search_term_string}"},"query-input":{"@type":"PropertyValueSpecification","valueRequired":true,"valueName":"search_term_string"}}],"inLanguage":"en-US"},{"@type":"Organization","@id":"https:\/\/www.europoliuretani.com\/en\/#organization","name":"Europoliuretani srl","url":"https:\/\/www.europoliuretani.com\/en\/","logo":{"@type":"ImageObject","inLanguage":"en-US","@id":"https:\/\/www.europoliuretani.com\/en\/#\/schema\/logo\/image\/","url":"https:\/\/www.europoliuretani.com\/wp-content\/uploads\/2022\/07\/molecola_Tavola-disegno-1.webp","contentUrl":"https:\/\/www.europoliuretani.com\/wp-content\/uploads\/2022\/07\/molecola_Tavola-disegno-1.webp","width":500,"height":778,"caption":"Europoliuretani srl"},"image":{"@id":"https:\/\/www.europoliuretani.com\/en\/#\/schema\/logo\/image\/"},"sameAs":["https:\/\/www.facebook.com\/europoliuretani\/","https:\/\/x.com\/europoliuretani"]}]}},"_links":{"self":[{"href":"https:\/\/www.europoliuretani.com\/en\/wp-json\/wp\/v2\/pages\/7443","targetHints":{"allow":["GET"]}}],"collection":[{"href":"https:\/\/www.europoliuretani.com\/en\/wp-json\/wp\/v2\/pages"}],"about":[{"href":"https:\/\/www.europoliuretani.com\/en\/wp-json\/wp\/v2\/types\/page"}],"author":[{"embeddable":true,"href":"https:\/\/www.europoliuretani.com\/en\/wp-json\/wp\/v2\/users\/1"}],"replies":[{"embeddable":true,"href":"https:\/\/www.europoliuretani.com\/en\/wp-json\/wp\/v2\/comments?post=7443"}],"version-history":[{"count":1,"href":"https:\/\/www.europoliuretani.com\/en\/wp-json\/wp\/v2\/pages\/7443\/revisions"}],"predecessor-version":[{"id":7444,"href":"https:\/\/www.europoliuretani.com\/en\/wp-json\/wp\/v2\/pages\/7443\/revisions\/7444"}],"up":[{"embeddable":true,"href":"https:\/\/www.europoliuretani.com\/en\/wp-json\/wp\/v2\/pages\/7441"}],"wp:attachment":[{"href":"https:\/\/www.europoliuretani.com\/en\/wp-json\/wp\/v2\/media?parent=7443"}],"curies":[{"name":"wp","href":"https:\/\/api.w.org\/{rel}","templated":true}]}}